{"id":22222,"date":"2023-10-25T01:58:41","date_gmt":"2023-10-25T01:58:41","guid":{"rendered":"https:\/\/liveaboard.dune-world.com\/freediving-exploration\/"},"modified":"2025-03-06T06:26:02","modified_gmt":"2025-03-06T06:26:02","slug":"freediving-exploration","status":"publish","type":"page","link":"https:\/\/liveaboard.dune-world.com\/fr\/schedule\/freediving-exploration\/","title":{"rendered":"Croisi\u00e8res en apn\u00e9e et d&rsquo;exploration"},"content":{"rendered":"\t\t<div data-elementor-type=\"wp-page\" data-elementor-id=\"22222\" class=\"elementor elementor-22222\" data-elementor-post-type=\"page\">\n\t\t\t\t\t\t<section class=\"ob-is-breaking-bad elementor-section elementor-top-section elementor-element elementor-element-fd215a6 elementor-section-stretched elementor-section-boxed elementor-section-height-default elementor-section-height-default\" data-id=\"fd215a6\" data-element_type=\"section\" data-settings=\"{&quot;stretch_section&quot;:&quot;section-stretched&quot;,&quot;jet_parallax_layout_list&quot;:[],&quot;background_background&quot;:&quot;classic&quot;,&quot;_ob_bbad_use_it&quot;:&quot;yes&quot;,&quot;_ob_bbad_sssic_use&quot;:&quot;no&quot;,&quot;_ob_glider_is_slider&quot;:&quot;no&quot;}\">\n\t\t\t\t\t\t<div class=\"elementor-container elementor-column-gap-default\">\n\t\t\t\t\t<div class=\"elementor-column elementor-col-100 elementor-top-column elementor-element elementor-element-da86c41\" data-id=\"da86c41\" data-element_type=\"column\" data-settings=\"{&quot;background_background&quot;:&quot;classic&quot;,&quot;_ob_bbad_is_stalker&quot;:&quot;no&quot;,&quot;_ob_teleporter_use&quot;:false,&quot;_ob_column_hoveranimator&quot;:&quot;no&quot;,&quot;_ob_column_has_pseudo&quot;:&quot;no&quot;}\">\n\t\t\t<div class=\"elementor-widget-wrap elementor-element-populated\">\n\t\t\t\t\t\t<div class=\"elementor-element elementor-element-092d0e5 ob-harakiri-inherit ob-has-background-overlay elementor-widget elementor-widget-text-editor\" data-id=\"092d0e5\" data-element_type=\"widget\" data-settings=\"{&quot;_ob_use_harakiri&quot;:&quot;yes&quot;,&quot;_ob_harakiri_writing_mode&quot;:&quot;inherit&quot;,&quot;_ob_postman_use&quot;:&quot;no&quot;,&quot;_ob_perspektive_use&quot;:&quot;no&quot;,&quot;_ob_poopart_use&quot;:&quot;yes&quot;,&quot;_ob_shadough_use&quot;:&quot;no&quot;,&quot;_ob_allow_hoveranimator&quot;:&quot;no&quot;,&quot;_ob_widget_stalker_use&quot;:&quot;no&quot;}\" data-widget_type=\"text-editor.default\">\n\t\t\t\t<div class=\"elementor-widget-container\">\n\t\t\t\t\t\t\t\t\t<p>Croisi\u00e8re Dune<\/p>\t\t\t\t\t\t\t\t<\/div>\n\t\t\t\t<\/div>\n\t\t\t\t<div class=\"elementor-element elementor-element-9cef809 ob-harakiri-inherit ob-has-background-overlay elementor-widget elementor-widget-heading\" data-id=\"9cef809\" data-element_type=\"widget\" data-settings=\"{&quot;_ob_use_harakiri&quot;:&quot;yes&quot;,&quot;_ob_harakiri_writing_mode&quot;:&quot;inherit&quot;,&quot;_ob_harakiri_text_clip&quot;:&quot;none&quot;,&quot;_ob_perspektive_use&quot;:&quot;no&quot;,&quot;_ob_poopart_use&quot;:&quot;yes&quot;,&quot;_ob_shadough_use&quot;:&quot;no&quot;,&quot;_ob_allow_hoveranimator&quot;:&quot;no&quot;,&quot;_ob_widget_stalker_use&quot;:&quot;no&quot;}\" data-widget_type=\"heading.default\">\n\t\t\t\t<div class=\"elementor-widget-container\">\n\t\t\t\t\t<h1 class=\"elementor-heading-title elementor-size-default\">Croisi\u00e8res en apn\u00e9e et d'exploration<\/h1>\t\t\t\t<\/div>\n\t\t\t\t<\/div>\n\t\t\t\t\t<\/div>\n\t\t<\/div>\n\t\t\t\t\t<\/div>\n\t\t<\/section>\n\t\t\t\t<section class=\"ob-is-breaking-bad elementor-section elementor-top-section elementor-element elementor-element-98eb6bb elementor-section-content-middle elementor-section-stretched elementor-section-boxed elementor-section-height-default elementor-section-height-default\" data-id=\"98eb6bb\" data-element_type=\"section\" data-settings=\"{&quot;stretch_section&quot;:&quot;section-stretched&quot;,&quot;jet_parallax_layout_list&quot;:[],&quot;_ob_bbad_use_it&quot;:&quot;yes&quot;,&quot;_ob_bbad_sssic_use&quot;:&quot;no&quot;,&quot;_ob_glider_is_slider&quot;:&quot;no&quot;}\">\n\t\t\t\t\t\t<div class=\"elementor-container elementor-column-gap-default\">\n\t\t\t\t\t<div class=\"elementor-column elementor-col-100 elementor-top-column elementor-element elementor-element-6f7cb30\" data-id=\"6f7cb30\" data-element_type=\"column\" data-settings=\"{&quot;_ob_bbad_is_stalker&quot;:&quot;no&quot;,&quot;_ob_teleporter_use&quot;:false,&quot;_ob_column_hoveranimator&quot;:&quot;no&quot;,&quot;_ob_column_has_pseudo&quot;:&quot;no&quot;}\">\n\t\t\t<div class=\"elementor-widget-wrap elementor-element-populated\">\n\t\t\t\t\t\t<div class=\"elementor-element elementor-element-7e7ce71 ob-has-background-overlay elementor-widget elementor-widget-breadcrumbs\" data-id=\"7e7ce71\" data-element_type=\"widget\" data-settings=\"{&quot;_ob_perspektive_use&quot;:&quot;no&quot;,&quot;_ob_poopart_use&quot;:&quot;yes&quot;,&quot;_ob_shadough_use&quot;:&quot;no&quot;,&quot;_ob_allow_hoveranimator&quot;:&quot;no&quot;,&quot;_ob_widget_stalker_use&quot;:&quot;no&quot;}\" data-widget_type=\"breadcrumbs.default\">\n\t\t\t\t<div class=\"elementor-widget-container\">\n\t\t\t\t\t<p id=\"breadcrumbs\"><span><span><a href=\"https:\/\/liveaboard.dune-world.com\/fr\/\">Home<\/a><\/span><\/span><\/p>\t\t\t\t<\/div>\n\t\t\t\t<\/div>\n\t\t\t\t\t<\/div>\n\t\t<\/div>\n\t\t\t\t\t<\/div>\n\t\t<\/section>\n\t\t\t\t<section class=\"ob-is-breaking-bad elementor-section elementor-top-section elementor-element elementor-element-e713125 elementor-section-boxed elementor-section-height-default elementor-section-height-default\" data-id=\"e713125\" data-element_type=\"section\" data-settings=\"{&quot;jet_parallax_layout_list&quot;:[],&quot;_ob_bbad_use_it&quot;:&quot;yes&quot;,&quot;_ob_bbad_sssic_use&quot;:&quot;no&quot;,&quot;_ob_glider_is_slider&quot;:&quot;no&quot;}\">\n\t\t\t\t\t\t<div class=\"elementor-container elementor-column-gap-default\">\n\t\t\t\t\t<div class=\"elementor-column elementor-col-100 elementor-top-column elementor-element elementor-element-5ae23f6\" data-id=\"5ae23f6\" data-element_type=\"column\" data-settings=\"{&quot;_ob_bbad_is_stalker&quot;:&quot;no&quot;,&quot;_ob_teleporter_use&quot;:false,&quot;_ob_column_hoveranimator&quot;:&quot;no&quot;,&quot;_ob_column_has_pseudo&quot;:&quot;no&quot;}\">\n\t\t\t<div class=\"elementor-widget-wrap elementor-element-populated\">\n\t\t\t\t\t\t<div class=\"elementor-element elementor-element-3e01e1b ob-has-background-overlay elementor-widget elementor-widget-shortcode\" data-id=\"3e01e1b\" data-element_type=\"widget\" data-settings=\"{&quot;_ob_perspektive_use&quot;:&quot;no&quot;,&quot;_ob_poopart_use&quot;:&quot;yes&quot;,&quot;_ob_shadough_use&quot;:&quot;no&quot;,&quot;_ob_allow_hoveranimator&quot;:&quot;no&quot;,&quot;_ob_widget_stalker_use&quot;:&quot;no&quot;}\" data-widget_type=\"shortcode.default\">\n\t\t\t\t<div class=\"elementor-widget-container\">\n\t\t\t\t\t\t\t<div class=\"elementor-shortcode\"><div id=\"footable_parent_11161\"\n         class=\" footable_parent ninja_table_wrapper loading_ninja_table wp_table_data_press_parent semantic_ui colored_table\">\n                <table data-ninja_table_instance=\"ninja_table_instance_0\" data-footable_id=\"11161\" data-filter-delay=\"1000\" aria-label=\"ODR styling tanggal\"            id=\"footable_11161\"\n           data-unique_identifier=\"ninja_table_unique_id_2073575329_11161\"\n           class=\" foo-table ninja_footable foo_table_11161 ninja_table_unique_id_2073575329_11161 ui table  ninja_search_left nt_type_ajax_table vertical_centered ninja_custom_color inverted footable-paging-left ninja_stacked_no_cell_border ninja_table_pro ninja_table_afd_inline ninja_table_has_custom_filter\">\n                <colgroup>\n                            <col class=\"ninja_column_0 \">\n                            <col class=\"ninja_column_1 \">\n                            <col class=\"ninja_column_2 \">\n                            <col class=\"ninja_column_3 \">\n                            <col class=\"ninja_column_4 \">\n                            <col class=\"ninja_column_5 \">\n                            <col class=\"ninja_column_6 \">\n                            <col class=\"ninja_column_7 \">\n                            <col class=\"ninja_column_8 \">\n                            <col class=\"ninja_column_9 \">\n                            <col class=\"ninja_column_10 \">\n                            <col class=\"ninja_column_11 \">\n                            <col class=\"ninja_column_12 \">\n                            <col class=\"ninja_column_13 \">\n                            <col class=\"ninja_column_14 \">\n                            <col class=\"ninja_column_15 \">\n                            <col class=\"ninja_column_16 \">\n                            <col class=\"ninja_column_17 \">\n                            <col class=\"ninja_column_18 \">\n                            <col class=\"ninja_column_19 \">\n                            <col class=\"ninja_column_20 \">\n                            <col class=\"ninja_column_21 \">\n                            <col class=\"ninja_column_22 \">\n                            <col class=\"ninja_column_23 \">\n                            <col class=\"ninja_column_24 \">\n                            <col class=\"ninja_column_25 \">\n                            <col class=\"ninja_column_26 \">\n                            <col class=\"ninja_column_27 \">\n                            <col class=\"ninja_column_28 \">\n                            <col class=\"ninja_column_29 \">\n                            <col class=\"ninja_column_30 \">\n                            <col class=\"ninja_column_31 \">\n                            <col class=\"ninja_column_32 \">\n                            <col class=\"ninja_column_33 \">\n                            <col class=\"ninja_column_34 \">\n                            <col class=\"ninja_column_35 \">\n                            <col class=\"ninja_column_36 \">\n                            <col class=\"ninja_column_37 \">\n                    <\/colgroup>\n            <\/table>\n    \n    \n    \n<\/div>\n<\/div>\n\t\t\t\t\t\t<\/div>\n\t\t\t\t<\/div>\n\t\t\t\t\t<\/div>\n\t\t<\/div>\n\t\t\t\t\t<\/div>\n\t\t<\/section>\n\t\t\t\t<\/div>\n\t\t","protected":false},"excerpt":{"rendered":"<p>Croisi\u00e8re Dune Croisi\u00e8res en apn\u00e9e et d&rsquo;exploration<\/p>\n","protected":false},"author":10,"featured_media":0,"parent":23078,"menu_order":0,"comment_status":"closed","ping_status":"closed","template":"elementor_header_footer","meta":{"_acf_changed":false,"footnotes":""},"class_list":["post-22222","page","type-page","status-publish","hentry","travel-monster-post","no-post-thumbnail","latest_post"],"acf":[],"yoast_head":"<!-- This site is optimized with the Yoast SEO plugin v21.8 - https:\/\/yoast.com\/wordpress\/plugins\/seo\/ -->\n<title>Croisi\u00e8res en apn\u00e9e et d&#039;exploration - DUNE Liveaboard<\/title>\n<meta name=\"description\" content=\"Dive deep, explore the sea, and thrill in the freedom of free diving on Free Diving &amp; Exploration Liveaboard Trips. Experience the ocean&#039;s wonders!\" \/>\n<meta name=\"robots\" content=\"index, follow, max-snippet:-1, max-image-preview:large, max-video-preview:-1\" \/>\n<link rel=\"canonical\" href=\"https:\/\/liveaboard.dune-world.com\/schedule\/freediving-exploration\/\" \/>\n<meta property=\"og:locale\" content=\"fr_FR\" \/>\n<meta property=\"og:type\" content=\"article\" \/>\n<meta property=\"og:title\" content=\"Croisi\u00e8res en apn\u00e9e et d&#039;exploration - DUNE Liveaboard\" \/>\n<meta property=\"og:description\" content=\"Dive deep, explore the sea, and thrill in the freedom of free diving on Free Diving &amp; Exploration Liveaboard Trips. Experience the ocean&#039;s wonders!\" \/>\n<meta property=\"og:url\" content=\"https:\/\/liveaboard.dune-world.com\/schedule\/freediving-exploration\/\" \/>\n<meta property=\"og:site_name\" content=\"DUNE Liveaboard\" \/>\n<meta property=\"article:publisher\" content=\"https:\/\/www.facebook.com\/dune.world\" \/>\n<meta property=\"article:modified_time\" content=\"2025-03-06T06:26:02+00:00\" \/>\n<meta property=\"og:image\" content=\"https:\/\/liveaboard.dune-world.com\/wp-content\/uploads\/2023\/10\/Aurora-Egypt-Liveaboard-2.webp\" \/>\n\t<meta property=\"og:image:width\" content=\"1350\" \/>\n\t<meta property=\"og:image:height\" content=\"1080\" \/>\n\t<meta property=\"og:image:type\" content=\"image\/webp\" \/>\n<meta name=\"twitter:card\" content=\"summary_large_image\" \/>\n<meta name=\"twitter:label1\" content=\"Dur\u00e9e de lecture estim\u00e9e\" \/>\n\t<meta name=\"twitter:data1\" content=\"1 minute\" \/>\n<script type=\"application\/ld+json\" class=\"yoast-schema-graph\">{\"@context\":\"https:\/\/schema.org\",\"@graph\":[{\"@type\":\"WebPage\",\"@id\":\"https:\/\/liveaboard.dune-world.com\/schedule\/freediving-exploration\/\",\"url\":\"https:\/\/liveaboard.dune-world.com\/schedule\/freediving-exploration\/\",\"name\":\"Croisi\u00e8res en apn\u00e9e et d'exploration - DUNE Liveaboard\",\"isPartOf\":{\"@id\":\"https:\/\/liveaboard.dune-world.com\/de\/#website\"},\"datePublished\":\"2023-10-25T01:58:41+00:00\",\"dateModified\":\"2025-03-06T06:26:02+00:00\",\"description\":\"Dive deep, explore the sea, and thrill in the freedom of free diving on Free Diving & Exploration Liveaboard Trips. Experience the ocean's wonders!\",\"breadcrumb\":{\"@id\":\"https:\/\/liveaboard.dune-world.com\/schedule\/freediving-exploration\/#breadcrumb\"},\"inLanguage\":\"fr-FR\",\"potentialAction\":[{\"@type\":\"ReadAction\",\"target\":[\"https:\/\/liveaboard.dune-world.com\/schedule\/freediving-exploration\/\"]}]},{\"@type\":\"BreadcrumbList\",\"@id\":\"https:\/\/liveaboard.dune-world.com\/schedule\/freediving-exploration\/#breadcrumb\",\"itemListElement\":[{\"@type\":\"ListItem\",\"position\":1,\"name\":\"Home\",\"item\":\"https:\/\/liveaboard.dune-world.com\/fr\/\"},{\"@type\":\"ListItem\",\"position\":2,\"name\":\"Dates &#038; prix\",\"item\":\"https:\/\/liveaboard.dune-world.com\/schedule\/\"},{\"@type\":\"ListItem\",\"position\":3,\"name\":\"Croisi\u00e8res en apn\u00e9e et d&#8217;exploration\"}]},{\"@type\":\"WebSite\",\"@id\":\"https:\/\/liveaboard.dune-world.com\/de\/#website\",\"url\":\"https:\/\/liveaboard.dune-world.com\/de\/\",\"name\":\"Dune World Liveaboard\",\"description\":\"Scuba Dive the World With Dune Liveaboard\",\"publisher\":{\"@id\":\"https:\/\/liveaboard.dune-world.com\/de\/#organization\"},\"potentialAction\":[{\"@type\":\"SearchAction\",\"target\":{\"@type\":\"EntryPoint\",\"urlTemplate\":\"https:\/\/liveaboard.dune-world.com\/de\/?s={search_term_string}\"},\"query-input\":\"required name=search_term_string\"}],\"inLanguage\":\"fr-FR\"},{\"@type\":\"Organization\",\"@id\":\"https:\/\/liveaboard.dune-world.com\/de\/#organization\",\"name\":\"Dune Liveaboard\",\"url\":\"https:\/\/liveaboard.dune-world.com\/de\/\",\"logo\":{\"@type\":\"ImageObject\",\"inLanguage\":\"fr-FR\",\"@id\":\"https:\/\/liveaboard.dune-world.com\/de\/#\/schema\/logo\/image\/\",\"url\":\"https:\/\/liveaboard.dune-world.com\/wp-content\/uploads\/2023\/10\/DUNE_0623_Logo-TL-02@15x.png\",\"contentUrl\":\"https:\/\/liveaboard.dune-world.com\/wp-content\/uploads\/2023\/10\/DUNE_0623_Logo-TL-02@15x.png\",\"width\":4316,\"height\":4195,\"caption\":\"Dune Liveaboard\"},\"image\":{\"@id\":\"https:\/\/liveaboard.dune-world.com\/de\/#\/schema\/logo\/image\/\"},\"sameAs\":[\"https:\/\/www.facebook.com\/dune.world\"]}]}<\/script>\n<!-- \/ Yoast SEO plugin. -->","yoast_head_json":{"title":"Croisi\u00e8res en apn\u00e9e et d'exploration - DUNE Liveaboard","description":"Dive deep, explore the sea, and thrill in the freedom of free diving on Free Diving & Exploration Liveaboard Trips. Experience the ocean's wonders!","robots":{"index":"index","follow":"follow","max-snippet":"max-snippet:-1","max-image-preview":"max-image-preview:large","max-video-preview":"max-video-preview:-1"},"canonical":"https:\/\/liveaboard.dune-world.com\/schedule\/freediving-exploration\/","og_locale":"fr_FR","og_type":"article","og_title":"Croisi\u00e8res en apn\u00e9e et d'exploration - DUNE Liveaboard","og_description":"Dive deep, explore the sea, and thrill in the freedom of free diving on Free Diving & Exploration Liveaboard Trips. Experience the ocean's wonders!","og_url":"https:\/\/liveaboard.dune-world.com\/schedule\/freediving-exploration\/","og_site_name":"DUNE Liveaboard","article_publisher":"https:\/\/www.facebook.com\/dune.world","article_modified_time":"2025-03-06T06:26:02+00:00","og_image":[{"width":1350,"height":1080,"url":"https:\/\/liveaboard.dune-world.com\/wp-content\/uploads\/2023\/10\/Aurora-Egypt-Liveaboard-2.webp","type":"image\/webp"}],"twitter_card":"summary_large_image","twitter_misc":{"Dur\u00e9e de lecture estim\u00e9e":"1 minute"},"schema":{"@context":"https:\/\/schema.org","@graph":[{"@type":"WebPage","@id":"https:\/\/liveaboard.dune-world.com\/schedule\/freediving-exploration\/","url":"https:\/\/liveaboard.dune-world.com\/schedule\/freediving-exploration\/","name":"Croisi\u00e8res en apn\u00e9e et d'exploration - DUNE Liveaboard","isPartOf":{"@id":"https:\/\/liveaboard.dune-world.com\/de\/#website"},"datePublished":"2023-10-25T01:58:41+00:00","dateModified":"2025-03-06T06:26:02+00:00","description":"Dive deep, explore the sea, and thrill in the freedom of free diving on Free Diving & Exploration Liveaboard Trips. Experience the ocean's wonders!","breadcrumb":{"@id":"https:\/\/liveaboard.dune-world.com\/schedule\/freediving-exploration\/#breadcrumb"},"inLanguage":"fr-FR","potentialAction":[{"@type":"ReadAction","target":["https:\/\/liveaboard.dune-world.com\/schedule\/freediving-exploration\/"]}]},{"@type":"BreadcrumbList","@id":"https:\/\/liveaboard.dune-world.com\/schedule\/freediving-exploration\/#breadcrumb","itemListElement":[{"@type":"ListItem","position":1,"name":"Home","item":"https:\/\/liveaboard.dune-world.com\/fr\/"},{"@type":"ListItem","position":2,"name":"Dates &#038; prix","item":"https:\/\/liveaboard.dune-world.com\/schedule\/"},{"@type":"ListItem","position":3,"name":"Croisi\u00e8res en apn\u00e9e et d&#8217;exploration"}]},{"@type":"WebSite","@id":"https:\/\/liveaboard.dune-world.com\/de\/#website","url":"https:\/\/liveaboard.dune-world.com\/de\/","name":"Dune World Liveaboard","description":"Scuba Dive the World With Dune Liveaboard","publisher":{"@id":"https:\/\/liveaboard.dune-world.com\/de\/#organization"},"potentialAction":[{"@type":"SearchAction","target":{"@type":"EntryPoint","urlTemplate":"https:\/\/liveaboard.dune-world.com\/de\/?s={search_term_string}"},"query-input":"required name=search_term_string"}],"inLanguage":"fr-FR"},{"@type":"Organization","@id":"https:\/\/liveaboard.dune-world.com\/de\/#organization","name":"Dune Liveaboard","url":"https:\/\/liveaboard.dune-world.com\/de\/","logo":{"@type":"ImageObject","inLanguage":"fr-FR","@id":"https:\/\/liveaboard.dune-world.com\/de\/#\/schema\/logo\/image\/","url":"https:\/\/liveaboard.dune-world.com\/wp-content\/uploads\/2023\/10\/DUNE_0623_Logo-TL-02@15x.png","contentUrl":"https:\/\/liveaboard.dune-world.com\/wp-content\/uploads\/2023\/10\/DUNE_0623_Logo-TL-02@15x.png","width":4316,"height":4195,"caption":"Dune Liveaboard"},"image":{"@id":"https:\/\/liveaboard.dune-world.com\/de\/#\/schema\/logo\/image\/"},"sameAs":["https:\/\/www.facebook.com\/dune.world"]}]}},"_links":{"self":[{"href":"https:\/\/liveaboard.dune-world.com\/fr\/wp-json\/wp\/v2\/pages\/22222","targetHints":{"allow":["GET"]}}],"collection":[{"href":"https:\/\/liveaboard.dune-world.com\/fr\/wp-json\/wp\/v2\/pages"}],"about":[{"href":"https:\/\/liveaboard.dune-world.com\/fr\/wp-json\/wp\/v2\/types\/page"}],"author":[{"embeddable":true,"href":"https:\/\/liveaboard.dune-world.com\/fr\/wp-json\/wp\/v2\/users\/10"}],"replies":[{"embeddable":true,"href":"https:\/\/liveaboard.dune-world.com\/fr\/wp-json\/wp\/v2\/comments?post=22222"}],"version-history":[{"count":8,"href":"https:\/\/liveaboard.dune-world.com\/fr\/wp-json\/wp\/v2\/pages\/22222\/revisions"}],"predecessor-version":[{"id":48842,"href":"https:\/\/liveaboard.dune-world.com\/fr\/wp-json\/wp\/v2\/pages\/22222\/revisions\/48842"}],"up":[{"embeddable":true,"href":"https:\/\/liveaboard.dune-world.com\/fr\/wp-json\/wp\/v2\/pages\/23078"}],"wp:attachment":[{"href":"https:\/\/liveaboard.dune-world.com\/fr\/wp-json\/wp\/v2\/media?parent=22222"}],"curies":[{"name":"wp","href":"https:\/\/api.w.org\/{rel}","templated":true}]}}